{"id":3656,"date":"2022-05-13T15:45:31","date_gmt":"2022-05-13T19:45:31","guid":{"rendered":"https:\/\/afmcstudentportal.ca\/?page_id=3656"},"modified":"2022-12-16T13:58:41","modified_gmt":"2022-12-16T18:58:41","slug":"visiting-electives-schedule-by-school-for-canadian-students","status":"publish","type":"page","link":"https:\/\/afmcstudentportal.ca\/fr\/visiting-electives-schedule-by-school-for-canadian-students","title":{"rendered":"Visiting Electives Schedule by School for Canadian Students"},"content":{"rendered":"<div data-elementor-type=\"wp-page\" data-elementor-id=\"3656\" class=\"elementor elementor-3656\" data-elementor-post-type=\"page\">\n\t\t\t\t\t\t<section class=\"elementor-section elementor-top-section elementor-element elementor-element-e839255 elementor-section-boxed elementor-section-height-default elementor-section-height-default\" data-id=\"e839255\" data-element_type=\"section\" data-e-type=\"section\" data-settings=\"{&quot;jet_parallax_layout_list&quot;:[]}\">\n\t\t\t\t\t\t<div class=\"elementor-container elementor-column-gap-default\">\n\t\t\t\t\t<div class=\"elementor-column elementor-col-100 elementor-top-column elementor-element elementor-element-b892175\" data-id=\"b892175\" data-element_type=\"column\" data-e-type=\"column\">\n\t\t\t<div class=\"elementor-widget-wrap elementor-element-populated\">\n\t\t\t\t\t\t<div class=\"elementor-element elementor-element-b545ea8 elementor-widget elementor-widget-spacer\" data-id=\"b545ea8\" data-element_type=\"widget\" data-e-type=\"widget\" data-widget_type=\"spacer.default\">\n\t\t\t\t<div class=\"elementor-widget-container\">\n\t\t\t\t\t\t\t<div class=\"elementor-spacer\">\n\t\t\t<div class=\"elementor-spacer-inner\"><\/div>\n\t\t<\/div>\n\t\t\t\t\t\t<\/div>\n\t\t\t\t<\/div>\n\t\t\t\t<div class=\"elementor-element elementor-element-813cd3a elementor-widget elementor-widget-heading\" data-id=\"813cd3a\" data-element_type=\"widget\" data-e-type=\"widget\" data-widget_type=\"heading.default\">\n\t\t\t\t<div class=\"elementor-widget-container\">\n\t\t\t\t\t<h2 class=\"elementor-heading-title elementor-size-default\">Horaire des stages optionnels par \u00e9cole pour les \u00e9tudiants canadiens (sujet \u00e0 changement)<\/h2>\t\t\t\t<\/div>\n\t\t\t\t<\/div>\n\t\t\t\t\t<\/div>\n\t\t<\/div>\n\t\t\t\t\t<\/div>\n\t\t<\/section>\n\t\t\t\t<section class=\"elementor-section elementor-top-section elementor-element elementor-element-0748074 elementor-section-boxed elementor-section-height-default elementor-section-height-default\" data-id=\"0748074\" data-element_type=\"section\" data-e-type=\"section\" data-settings=\"{&quot;jet_parallax_layout_list&quot;:[]}\">\n\t\t\t\t\t\t<div class=\"elementor-container elementor-column-gap-default\">\n\t\t\t\t\t<div class=\"elementor-column elementor-col-100 elementor-top-column elementor-element elementor-element-47a9ebc\" data-id=\"47a9ebc\" data-element_type=\"column\" data-e-type=\"column\">\n\t\t\t<div class=\"elementor-widget-wrap elementor-element-populated\">\n\t\t\t\t\t\t<div class=\"elementor-element elementor-element-9e01bf8 elementor-widget elementor-widget-spacer\" data-id=\"9e01bf8\" data-element_type=\"widget\" data-e-type=\"widget\" data-widget_type=\"spacer.default\">\n\t\t\t\t<div class=\"elementor-widget-container\">\n\t\t\t\t\t\t\t<div class=\"elementor-spacer\">\n\t\t\t<div class=\"elementor-spacer-inner\"><\/div>\n\t\t<\/div>\n\t\t\t\t\t\t<\/div>\n\t\t\t\t<\/div>\n\t\t\t\t\t<\/div>\n\t\t<\/div>\n\t\t\t\t\t<\/div>\n\t\t<\/section>\n\t\t\t\t<section class=\"elementor-section elementor-top-section elementor-element elementor-element-ea348a8 elementor-section-boxed elementor-section-height-default elementor-section-height-default\" data-id=\"ea348a8\" data-element_type=\"section\" data-e-type=\"section\" data-settings=\"{&quot;jet_parallax_layout_list&quot;:[]}\">\n\t\t\t\t\t\t<div class=\"elementor-container elementor-column-gap-default\">\n\t\t\t\t\t<div class=\"elementor-column elementor-col-100 elementor-top-column elementor-element elementor-element-5ed7a8e\" data-id=\"5ed7a8e\" data-element_type=\"column\" data-e-type=\"column\">\n\t\t\t<div class=\"elementor-widget-wrap elementor-element-populated\">\n\t\t\t\t\t\t<div class=\"elementor-element elementor-element-89fbca7 elementor-widget elementor-widget-spacer\" data-id=\"89fbca7\" data-element_type=\"widget\" data-e-type=\"widget\" data-widget_type=\"spacer.default\">\n\t\t\t\t<div class=\"elementor-widget-container\">\n\t\t\t\t\t\t\t<div class=\"elementor-spacer\">\n\t\t\t<div class=\"elementor-spacer-inner\"><\/div>\n\t\t<\/div>\n\t\t\t\t\t\t<\/div>\n\t\t\t\t<\/div>\n\t\t\t\t<div class=\"elementor-element elementor-element-920459a elementor-widget elementor-widget-jet-table\" data-id=\"920459a\" data-element_type=\"widget\" data-e-type=\"widget\" data-widget_type=\"jet-table.default\">\n\t\t\t\t<div class=\"elementor-widget-container\">\n\t\t\t\t\t<div class=\"elementor-jet-table jet-elements\">\n\t\t<div class=\"jet-table-wrapper jet-table-responsive-mobile\">\n\t\t\t<table class=\"jet-table jet-table--fa5-compat\">\n\t\t\t\t<thead class=\"jet-table__head\"><tr class=\"jet-table__head-row\"><th class=\"jet-table__cell elementor-repeater-item-b0cbfef jet-table__head-cell\" scope=\"col\"><div class=\"jet-table__cell-inner\"><div class=\"jet-table__cell-content\"><div class=\"jet-table__cell-text\">\u00c9cole<\/div><\/div><\/div><\/th><th class=\"jet-table__cell elementor-repeater-item-e2d4b6b jet-table__head-cell\" scope=\"col\"><div class=\"jet-table__cell-inner\"><div class=\"jet-table__cell-content\"><div class=\"jet-table__cell-text\">Date la plus rapproch\u00e9e de l\u2019ouverture de la fen\u00eatre de demande pour les stages optionnels <\/div><\/div><\/div><\/th><th class=\"jet-table__cell elementor-repeater-item-c59f017 jet-table__head-cell\" scope=\"col\"><div class=\"jet-table__cell-inner\"><div class=\"jet-table__cell-content\"><div class=\"jet-table__cell-text\">Date la plus rapproch\u00e9e \u00e0 laquelle les stages optionnels seront offertes dans une capacit\u00e9 limit\u00e9e<\/div><\/div><\/div><\/th><th class=\"jet-table__cell elementor-repeater-item-2e95c5f jet-table__head-cell\" scope=\"col\"><div class=\"jet-table__cell-inner\"><div class=\"jet-table__cell-content\"><div class=\"jet-table__cell-text\">Date la plus rapproch\u00e9e \u00e0 laquelle les \u00e9tudiants seront admissibles aux stages optionnels<\/div><\/div><\/div><\/th><\/tr><\/thead>\n\t\t\t\t\t\t\t\t<tbody class=\"jet-table__body\"><tr class=\"jet-table__body-row elementor-repeater-item-4efc583\"><td class=\"jet-table__cell elementor-repeater-item-f3e4b21 jet-table__body-cell\"><div class=\"jet-table__cell-inner\"><div class=\"jet-table__cell-content\"><div class=\"jet-table__cell-text\">University of Alberta\n<\/div><\/div><\/div><\/td><td class=\"jet-table__cell elementor-repeater-item-cbc5d4e jet-table__body-cell\"><div class=\"jet-table__cell-inner\"><div class=\"jet-table__cell-content\"><div class=\"jet-table__cell-text\">Ouvert le 15 juillet 2022\n<\/div><\/div><\/div><\/td><td class=\"jet-table__cell elementor-repeater-item-40fc3ef jet-table__body-cell\"><div class=\"jet-table__cell-inner\"><div class=\"jet-table__cell-content\"><div class=\"jet-table__cell-text\">Octobre 2022<\/div><\/div><\/div><\/td><td class=\"jet-table__cell elementor-repeater-item-e1d361a jet-table__body-cell\"><div class=\"jet-table__cell-inner\"><div class=\"jet-table__cell-content\"><div class=\"jet-table__cell-text\">Ao\u00fbt 2022\n<\/div><\/div><\/div><\/td><\/tr><tr class=\"jet-table__body-row elementor-repeater-item-db9a53a\"><td class=\"jet-table__cell elementor-repeater-item-9730284 jet-table__body-cell\"><div class=\"jet-table__cell-inner\"><div class=\"jet-table__cell-content\"><div class=\"jet-table__cell-text\">University of British Columbia\n<\/div><\/div><\/div><\/td><td class=\"jet-table__cell elementor-repeater-item-58ec2cd jet-table__body-cell\"><div class=\"jet-table__cell-inner\"><div class=\"jet-table__cell-content\"><div class=\"jet-table__cell-text\">Ouvert le 22 ao\u00fbt 2022\u00a0\n<\/div><\/div><\/div><\/td><td class=\"jet-table__cell elementor-repeater-item-a238614 jet-table__body-cell\"><div class=\"jet-table__cell-inner\"><div class=\"jet-table__cell-content\"><div class=\"jet-table__cell-text\">Octobre 2022\u00a0\n<\/div><\/div><\/div><\/td><td class=\"jet-table__cell elementor-repeater-item-49c5456 jet-table__body-cell\"><div class=\"jet-table__cell-inner\"><div class=\"jet-table__cell-content\"><div class=\"jet-table__cell-text\">juillet 2023\u00a0\n<\/div><\/div><\/div><\/td><\/tr><tr class=\"jet-table__body-row elementor-repeater-item-c0d7cda\"><td class=\"jet-table__cell elementor-repeater-item-816ccf1 jet-table__body-cell\"><div class=\"jet-table__cell-inner\"><div class=\"jet-table__cell-content\"><div class=\"jet-table__cell-text\">University of Calgary\u00a0\n<\/div><\/div><\/div><\/td><td class=\"jet-table__cell elementor-repeater-item-cfdfa20 jet-table__body-cell\"><div class=\"jet-table__cell-inner\"><div class=\"jet-table__cell-content\"><div class=\"jet-table__cell-text\">Ouvert le 22 ao\u00fbt 2022<\/div><\/div><\/div><\/td><td class=\"jet-table__cell elementor-repeater-item-4d1fb74 jet-table__body-cell\"><div class=\"jet-table__cell-inner\"><div class=\"jet-table__cell-content\"><div class=\"jet-table__cell-text\">Octobre 2022\u00a0\n<\/div><\/div><\/div><\/td><td class=\"jet-table__cell elementor-repeater-item-0cdc951 jet-table__body-cell\"><div class=\"jet-table__cell-inner\"><div class=\"jet-table__cell-content\"><div class=\"jet-table__cell-text\">Janvier 2023\u00a0\n<\/div><\/div><\/div><\/td><\/tr><tr class=\"jet-table__body-row elementor-repeater-item-5d50df3\"><td class=\"jet-table__cell elementor-repeater-item-b2e54dc jet-table__body-cell\"><div class=\"jet-table__cell-inner\"><div class=\"jet-table__cell-content\"><div class=\"jet-table__cell-text\">McMaster University\u00a0\n<\/div><\/div><\/div><\/td><td class=\"jet-table__cell elementor-repeater-item-75c8537 jet-table__body-cell\"><div class=\"jet-table__cell-inner\"><div class=\"jet-table__cell-content\"><div class=\"jet-table__cell-text\">Ouvert le 12 septembre 2022\u00a0\n<\/div><\/div><\/div><\/td><td class=\"jet-table__cell elementor-repeater-item-7b2da92 jet-table__body-cell\"><div class=\"jet-table__cell-inner\"><div class=\"jet-table__cell-content\"><div class=\"jet-table__cell-text\">D\u00e9cembre 2022\u00a0\n<\/div><\/div><\/div><\/td><td class=\"jet-table__cell elementor-repeater-item-d5bea7b jet-table__body-cell\"><div class=\"jet-table__cell-inner\"><div class=\"jet-table__cell-content\"><div class=\"jet-table__cell-text\">F\u00e9vrier 2023\n<\/div><\/div><\/div><\/td><\/tr><tr class=\"jet-table__body-row elementor-repeater-item-58b249f\"><td class=\"jet-table__cell elementor-repeater-item-4dc1238 jet-table__body-cell\"><div class=\"jet-table__cell-inner\"><div class=\"jet-table__cell-content\"><div class=\"jet-table__cell-text\">University of Toronto\u00a0\n<\/div><\/div><\/div><\/td><td class=\"jet-table__cell elementor-repeater-item-763c222 jet-table__body-cell\"><div class=\"jet-table__cell-inner\"><div class=\"jet-table__cell-content\"><div class=\"jet-table__cell-text\">Ouvert le 15 septembre 2022\u00a0\n<\/div><\/div><\/div><\/td><td class=\"jet-table__cell elementor-repeater-item-29b1547 jet-table__body-cell\"><div class=\"jet-table__cell-inner\"><div class=\"jet-table__cell-content\"><div class=\"jet-table__cell-text\">D\u00e9cembre 2022<\/div><\/div><\/div><\/td><td class=\"jet-table__cell elementor-repeater-item-dff92f0 jet-table__body-cell\"><div class=\"jet-table__cell-inner\"><div class=\"jet-table__cell-content\"><div class=\"jet-table__cell-text\">Janvier 2023<\/div><\/div><\/div><\/td><\/tr><tr class=\"jet-table__body-row elementor-repeater-item-3107d13\"><td class=\"jet-table__cell elementor-repeater-item-731633f jet-table__body-cell\"><div class=\"jet-table__cell-inner\"><div class=\"jet-table__cell-content\"><div class=\"jet-table__cell-text\">University of Saskatchewan\u00a0<\/div><\/div><\/div><\/td><td class=\"jet-table__cell elementor-repeater-item-7b607d4 jet-table__body-cell\"><div class=\"jet-table__cell-inner\"><div class=\"jet-table__cell-content\"><div class=\"jet-table__cell-text\">Ouvert le 19 septembre 2022 \n<\/div><\/div><\/div><\/td><td class=\"jet-table__cell elementor-repeater-item-62a3916 jet-table__body-cell\"><div class=\"jet-table__cell-inner\"><div class=\"jet-table__cell-content\"><div class=\"jet-table__cell-text\">Janvier 2023\u00a0\n<\/div><\/div><\/div><\/td><td class=\"jet-table__cell elementor-repeater-item-ad06183 jet-table__body-cell\"><div class=\"jet-table__cell-inner\"><div class=\"jet-table__cell-content\"><div class=\"jet-table__cell-text\">Novembre 2022\u00a0\n<\/div><\/div><\/div><\/td><\/tr><tr class=\"jet-table__body-row elementor-repeater-item-6da502e\"><td class=\"jet-table__cell elementor-repeater-item-32ff9db jet-table__body-cell\"><div class=\"jet-table__cell-inner\"><div class=\"jet-table__cell-content\"><div class=\"jet-table__cell-text\">Dalhousie University\u00a0\n<\/div><\/div><\/div><\/td><td class=\"jet-table__cell elementor-repeater-item-076354d jet-table__body-cell\"><div class=\"jet-table__cell-inner\"><div class=\"jet-table__cell-content\"><div class=\"jet-table__cell-text\">Ouvert le 22 octobre 2022\u00a0\n<\/div><\/div><\/div><\/td><td class=\"jet-table__cell elementor-repeater-item-5a5dbcb jet-table__body-cell\"><div class=\"jet-table__cell-inner\"><div class=\"jet-table__cell-content\"><div class=\"jet-table__cell-text\">Janvier 2023\u00a0\n<\/div><\/div><\/div><\/td><td class=\"jet-table__cell elementor-repeater-item-0b27a0a jet-table__body-cell\"><div class=\"jet-table__cell-inner\"><div class=\"jet-table__cell-content\"><div class=\"jet-table__cell-text\">Septembre 2023\u00a0\n<\/div><\/div><\/div><\/td><\/tr><tr class=\"jet-table__body-row elementor-repeater-item-a99d354\"><td class=\"jet-table__cell elementor-repeater-item-0db2a75 jet-table__body-cell\"><div class=\"jet-table__cell-inner\"><div class=\"jet-table__cell-content\"><div class=\"jet-table__cell-text\">NOSM University\u00a0\n<\/div><\/div><\/div><\/td><td class=\"jet-table__cell elementor-repeater-item-d750108 jet-table__body-cell\"><div class=\"jet-table__cell-inner\"><div class=\"jet-table__cell-content\"><div class=\"jet-table__cell-text\">Opened October 31, 2022\u00a0\n<\/div><\/div><\/div><\/td><td class=\"jet-table__cell elementor-repeater-item-9fb6f07 jet-table__body-cell\"><div class=\"jet-table__cell-inner\"><div class=\"jet-table__cell-content\"><div class=\"jet-table__cell-text\">Janvier 2023\u00a0\n<\/div><\/div><\/div><\/td><td class=\"jet-table__cell elementor-repeater-item-0064169 jet-table__body-cell\"><div class=\"jet-table__cell-inner\"><div class=\"jet-table__cell-content\"><div class=\"jet-table__cell-text\">Avril 2023\u00a0\n<\/div><\/div><\/div><\/td><\/tr><tr class=\"jet-table__body-row elementor-repeater-item-188a539\"><td class=\"jet-table__cell elementor-repeater-item-6b33f0e jet-table__body-cell\"><div class=\"jet-table__cell-inner\"><div class=\"jet-table__cell-content\"><div class=\"jet-table__cell-text\">Universit\u00e9 de Sherbrooke\u00a0\n<\/div><\/div><\/div><\/td><td class=\"jet-table__cell elementor-repeater-item-c7161f2 jet-table__body-cell\"><div class=\"jet-table__cell-inner\"><div class=\"jet-table__cell-content\"><div class=\"jet-table__cell-text\">\u00e0 d\u00e9terminer<\/div><\/div><\/div><\/td><td class=\"jet-table__cell elementor-repeater-item-39698c9 jet-table__body-cell\"><div class=\"jet-table__cell-inner\"><div class=\"jet-table__cell-content\"><div class=\"jet-table__cell-text\">\u00e0 d\u00e9terminer<\/div><\/div><\/div><\/td><td class=\"jet-table__cell elementor-repeater-item-5d75df4 jet-table__body-cell\"><div class=\"jet-table__cell-inner\"><div class=\"jet-table__cell-content\"><div class=\"jet-table__cell-text\">Janvier 2023\u00a0\n<\/div><\/div><\/div><\/td><\/tr><tr class=\"jet-table__body-row elementor-repeater-item-4f9b5da\"><td class=\"jet-table__cell elementor-repeater-item-af54a17 jet-table__body-cell\"><div class=\"jet-table__cell-inner\"><div class=\"jet-table__cell-content\"><div class=\"jet-table__cell-text\">Western University\u00a0\n<\/div><\/div><\/div><\/td><td class=\"jet-table__cell elementor-repeater-item-31852f7 jet-table__body-cell\"><div class=\"jet-table__cell-inner\"><div class=\"jet-table__cell-content\"><div class=\"jet-table__cell-text\">Opened November 28, 2022<\/div><\/div><\/div><\/td><td class=\"jet-table__cell elementor-repeater-item-220bc58 jet-table__body-cell\"><div class=\"jet-table__cell-inner\"><div class=\"jet-table__cell-content\"><div class=\"jet-table__cell-text\">Janvier 2023\u00a0\n<\/div><\/div><\/div><\/td><td class=\"jet-table__cell elementor-repeater-item-86aa0f2 jet-table__body-cell\"><div class=\"jet-table__cell-inner\"><div class=\"jet-table__cell-content\"><div class=\"jet-table__cell-text\">ao\u00fbt 2023\u00a0\n<\/div><\/div><\/div><\/td><\/tr><tr class=\"jet-table__body-row elementor-repeater-item-94b7a24\"><td class=\"jet-table__cell elementor-repeater-item-1a06341 jet-table__body-cell\"><div class=\"jet-table__cell-inner\"><div class=\"jet-table__cell-content\"><div class=\"jet-table__cell-text\">Universit\u00e9 de Montr\u00e9al\u00a0\n<\/div><\/div><\/div><\/td><td class=\"jet-table__cell elementor-repeater-item-6743d1c jet-table__body-cell\"><div class=\"jet-table__cell-inner\"><div class=\"jet-table__cell-content\"><div class=\"jet-table__cell-text\">\u00e0 d\u00e9terminer<\/div><\/div><\/div><\/td><td class=\"jet-table__cell elementor-repeater-item-9cc3dc2 jet-table__body-cell\"><div class=\"jet-table__cell-inner\"><div class=\"jet-table__cell-content\"><div class=\"jet-table__cell-text\">Janvier 2023\u00a0\n<\/div><\/div><\/div><\/td><td class=\"jet-table__cell elementor-repeater-item-f768b21 jet-table__body-cell\"><div class=\"jet-table__cell-inner\"><div class=\"jet-table__cell-content\"><div class=\"jet-table__cell-text\">\u00e0 d\u00e9terminer<\/div><\/div><\/div><\/td><\/tr><tr class=\"jet-table__body-row elementor-repeater-item-505e798\"><td class=\"jet-table__cell elementor-repeater-item-d2ca02e jet-table__body-cell\"><div class=\"jet-table__cell-inner\"><div class=\"jet-table__cell-content\"><div class=\"jet-table__cell-text\">University of Manitoba\u00a0\n<\/div><\/div><\/div><\/td><td class=\"jet-table__cell elementor-repeater-item-ee0e3ad jet-table__body-cell\"><div class=\"jet-table__cell-inner\"><div class=\"jet-table__cell-content\"><div class=\"jet-table__cell-text\">Ouvert le 12 septembre 2022\u00a0\n<\/div><\/div><\/div><\/td><td class=\"jet-table__cell elementor-repeater-item-568637a jet-table__body-cell\"><div class=\"jet-table__cell-inner\"><div class=\"jet-table__cell-content\"><div class=\"jet-table__cell-text\">F\u00e9vrier 2023\u00a0\n<\/div><\/div><\/div><\/td><td class=\"jet-table__cell elementor-repeater-item-cd3cc73 jet-table__body-cell\"><div class=\"jet-table__cell-inner\"><div class=\"jet-table__cell-content\"><div class=\"jet-table__cell-text\">Septembre 2023\u00a0\n<\/div><\/div><\/div><\/td><\/tr><tr class=\"jet-table__body-row elementor-repeater-item-bb6b067\"><td class=\"jet-table__cell elementor-repeater-item-b7c0e38 jet-table__body-cell\"><div class=\"jet-table__cell-inner\"><div class=\"jet-table__cell-content\"><div class=\"jet-table__cell-text\">Queen\u2019s University\u00a0\n<\/div><\/div><\/div><\/td><td class=\"jet-table__cell elementor-repeater-item-552d555 jet-table__body-cell\"><div class=\"jet-table__cell-inner\"><div class=\"jet-table__cell-content\"><div class=\"jet-table__cell-text\">\u00e0 d\u00e9terminer<\/div><\/div><\/div><\/td><td class=\"jet-table__cell elementor-repeater-item-491b708 jet-table__body-cell\"><div class=\"jet-table__cell-inner\"><div class=\"jet-table__cell-content\"><div class=\"jet-table__cell-text\">F\u00e9vrier 2023\u00a0\n<\/div><\/div><\/div><\/td><td class=\"jet-table__cell elementor-repeater-item-ec925fe jet-table__body-cell\"><div class=\"jet-table__cell-inner\"><div class=\"jet-table__cell-content\"><div class=\"jet-table__cell-text\">Octobre 2023\u00a0\n<\/div><\/div><\/div><\/td><\/tr><tr class=\"jet-table__body-row elementor-repeater-item-a23e043\"><td class=\"jet-table__cell elementor-repeater-item-6d8bf04 jet-table__body-cell\"><div class=\"jet-table__cell-inner\"><div class=\"jet-table__cell-content\"><div class=\"jet-table__cell-text\">Memorial University\u00a0\n<\/div><\/div><\/div><\/td><td class=\"jet-table__cell elementor-repeater-item-0e876e5 jet-table__body-cell\"><div class=\"jet-table__cell-inner\"><div class=\"jet-table__cell-content\"><div class=\"jet-table__cell-text\">Avril 2023\u00a0\n<\/div><\/div><\/div><\/td><td class=\"jet-table__cell elementor-repeater-item-4abf1f0 jet-table__body-cell\"><div class=\"jet-table__cell-inner\"><div class=\"jet-table__cell-content\"><div class=\"jet-table__cell-text\">Septembre 2023\n<\/div><\/div><\/div><\/td><td class=\"jet-table__cell elementor-repeater-item-cbb4311 jet-table__body-cell\"><div class=\"jet-table__cell-inner\"><div class=\"jet-table__cell-content\"><div class=\"jet-table__cell-text\">ao\u00fbt 2023\u00a0\n<\/div><\/div><\/div><\/td><\/tr><tr class=\"jet-table__body-row elementor-repeater-item-a1c072c\"><td class=\"jet-table__cell elementor-repeater-item-099024c jet-table__body-cell\"><div class=\"jet-table__cell-inner\"><div class=\"jet-table__cell-content\"><div class=\"jet-table__cell-text\">Universit\u00e9 Laval\u00a0\n<\/div><\/div><\/div><\/td><td class=\"jet-table__cell elementor-repeater-item-0d100fd jet-table__body-cell\"><div class=\"jet-table__cell-inner\"><div class=\"jet-table__cell-content\"><div class=\"jet-table__cell-text\">\u00e0 d\u00e9terminer<\/div><\/div><\/div><\/td><td class=\"jet-table__cell elementor-repeater-item-e9a6928 jet-table__body-cell\"><div class=\"jet-table__cell-inner\"><div class=\"jet-table__cell-content\"><div class=\"jet-table__cell-text\">Mai 2023\u00a0\n<\/div><\/div><\/div><\/td><td class=\"jet-table__cell elementor-repeater-item-27dff78 jet-table__body-cell\"><div class=\"jet-table__cell-inner\"><div class=\"jet-table__cell-content\"><div class=\"jet-table__cell-text\">Mai 2023\u00a0\n<\/div><\/div><\/div><\/td><\/tr><tr class=\"jet-table__body-row elementor-repeater-item-04248e5\"><td class=\"jet-table__cell elementor-repeater-item-d6c68be jet-table__body-cell\"><div class=\"jet-table__cell-inner\"><div class=\"jet-table__cell-content\"><div class=\"jet-table__cell-text\">Universit\u00e9 d'Ottawa\u00a0\n<\/div><\/div><\/div><\/td><td class=\"jet-table__cell elementor-repeater-item-4c2c077 jet-table__body-cell\"><div class=\"jet-table__cell-inner\"><div class=\"jet-table__cell-content\"><div class=\"jet-table__cell-text\">\u00e0 d\u00e9terminer<\/div><\/div><\/div><\/td><td class=\"jet-table__cell elementor-repeater-item-21cec1e jet-table__body-cell\"><div class=\"jet-table__cell-inner\"><div class=\"jet-table__cell-content\"><div class=\"jet-table__cell-text\">Septembre 2023\u00a0\n<\/div><\/div><\/div><\/td><td class=\"jet-table__cell elementor-repeater-item-9e4fb7e jet-table__body-cell\"><div class=\"jet-table__cell-inner\"><div class=\"jet-table__cell-content\"><div class=\"jet-table__cell-text\">Septembre 2023\u00a0\n<\/div><\/div><\/div><\/td><\/tr><tr class=\"jet-table__body-row elementor-repeater-item-3385bfc\"><td class=\"jet-table__cell elementor-repeater-item-749f3bb jet-table__body-cell\"><div class=\"jet-table__cell-inner\"><div class=\"jet-table__cell-content\"><div class=\"jet-table__cell-text\">Universit\u00e9 McGill\u00a0\n<\/div><\/div><\/div><\/td><td class=\"jet-table__cell elementor-repeater-item-b357fbe jet-table__body-cell\"><div class=\"jet-table__cell-inner\"><div class=\"jet-table__cell-content\"><div class=\"jet-table__cell-text\">\u00e0 d\u00e9terminer<\/div><\/div><\/div><\/td><td class=\"jet-table__cell elementor-repeater-item-5dae813 jet-table__body-cell\"><div class=\"jet-table__cell-inner\"><div class=\"jet-table__cell-content\"><div class=\"jet-table__cell-text\">\u00e0 d\u00e9terminer<\/div><\/div><\/div><\/td><td class=\"jet-table__cell elementor-repeater-item-86e08ed jet-table__body-cell\"><div class=\"jet-table__cell-inner\"><div class=\"jet-table__cell-content\"><div class=\"jet-table__cell-text\">\u00e0 d\u00e9terminer<\/div><\/div><\/div><\/td><\/tr><\/tbody>\n\t\t\t<\/table>\n\t\t<\/div>\n\n\t\t<\/div>\t\t\t\t<\/div>\n\t\t\t\t<\/div>\n\t\t\t\t\t<\/div>\n\t\t<\/div>\n\t\t\t\t\t<\/div>\n\t\t<\/section>\n\t\t\t\t<\/div>","protected":false},"excerpt":{"rendered":"<p>Visiting Electives Schedule by School for Canadian Students (Subject to change) School Earliest Date Application Window Opens for Visiting Electives Earliest Date when Visiting Electives will be offered in limited capacity Earliest Date when students will be eligible for Visiting Electives University of Alberta Opened July 15, 2022 October 2022 August 2022 University of British [&hellip;]<\/p>\n","protected":false},"author":5,"featured_media":0,"parent":0,"menu_order":0,"comment_status":"closed","ping_status":"closed","template":"","meta":{"footnotes":""},"class_list":["post-3656","page","type-page","status-publish","hentry"],"_links":{"self":[{"href":"https:\/\/afmcstudentportal.ca\/fr\/wp-json\/wp\/v2\/pages\/3656","targetHints":{"allow":["GET"]}}],"collection":[{"href":"https:\/\/afmcstudentportal.ca\/fr\/wp-json\/wp\/v2\/pages"}],"about":[{"href":"https:\/\/afmcstudentportal.ca\/fr\/wp-json\/wp\/v2\/types\/page"}],"author":[{"embeddable":true,"href":"https:\/\/afmcstudentportal.ca\/fr\/wp-json\/wp\/v2\/users\/5"}],"replies":[{"embeddable":true,"href":"https:\/\/afmcstudentportal.ca\/fr\/wp-json\/wp\/v2\/comments?post=3656"}],"version-history":[{"count":5,"href":"https:\/\/afmcstudentportal.ca\/fr\/wp-json\/wp\/v2\/pages\/3656\/revisions"}],"predecessor-version":[{"id":4969,"href":"https:\/\/afmcstudentportal.ca\/fr\/wp-json\/wp\/v2\/pages\/3656\/revisions\/4969"}],"wp:attachment":[{"href":"https:\/\/afmcstudentportal.ca\/fr\/wp-json\/wp\/v2\/media?parent=3656"}],"curies":[{"name":"wp","href":"https:\/\/api.w.org\/{rel}","templated":true}]}}